{"id":1555,"date":"2023-04-03T08:37:01","date_gmt":"2023-04-03T06:37:01","guid":{"rendered":"https:\/\/ennova-eu.net\/home\/"},"modified":"2023-10-24T15:38:13","modified_gmt":"2023-10-24T13:38:13","slug":"home","status":"publish","type":"page","link":"https:\/\/ennova-eu.net\/es\/home\/","title":{"rendered":"Home"},"content":{"rendered":"","protected":false},"excerpt":{"rendered":"","protected":false},"author":2,"featured_media":0,"parent":0,"menu_order":0,"comment_status":"closed","ping_status":"closed","template":"page-templates\/home-template.php","meta":{"inline_featured_image":false,"_monsterinsights_skip_tracking":false,"_monsterinsights_sitenote_active":false,"_monsterinsights_sitenote_note":"","_monsterinsights_sitenote_category":0,"footnotes":""},"class_list":["post-1555","page","type-page","status-publish","hentry"],"yoast_head":"<!-- This site is optimized with the Yoast SEO plugin v21.0 - https:\/\/yoast.com\/wordpress\/plugins\/seo\/ -->\n<title>INNOVA - Technology Transfer &amp; Valorisation<\/title>\n<meta name=\"description\" content=\"Damos vida a sus inventos, gui\u00e1ndolos desde la concepci\u00f3n hasta el \u00e9xito en el mercado. Servicios de Innova: Internacionalizaci\u00f3n, Innovaci\u00f3n, Incubaci\u00f3n, Propiedad Intelectual\" \/>\n<meta name=\"robots\" content=\"index, follow, max-snippet:-1, max-image-preview:large, max-video-preview:-1\" \/>\n<link rel=\"canonical\" href=\"https:\/\/ennova-eu.net\/es\/es\/\" \/>\n<meta property=\"og:locale\" content=\"es_ES\" \/>\n<meta property=\"og:type\" content=\"article\" \/>\n<meta property=\"og:title\" content=\"INNOVA - Technology Transfer &amp; Valorisation\" \/>\n<meta property=\"og:description\" content=\"Damos vida a sus inventos, gui\u00e1ndolos desde la concepci\u00f3n hasta el \u00e9xito en el mercado. Servicios de Innova: Internacionalizaci\u00f3n, Innovaci\u00f3n, Incubaci\u00f3n, Propiedad Intelectual\" \/>\n<meta property=\"og:url\" content=\"https:\/\/ennova-eu.net\/es\/es\/\" \/>\n<meta property=\"og:site_name\" content=\"INNOVA\" \/>\n<meta property=\"article:modified_time\" content=\"2023-10-24T13:38:13+00:00\" \/>\n<meta name=\"twitter:card\" content=\"summary_large_image\" \/>\n<script type=\"application\/ld+json\" class=\"yoast-schema-graph\">{\"@context\":\"https:\/\/schema.org\",\"@graph\":[{\"@type\":\"WebPage\",\"@id\":\"https:\/\/ennova-eu.net\/es\/es\/\",\"url\":\"https:\/\/ennova-eu.net\/es\/es\/\",\"name\":\"INNOVA - Technology Transfer &amp; Valorisation\",\"isPartOf\":{\"@id\":\"https:\/\/ennova-eu.net\/es\/#website\"},\"datePublished\":\"2023-04-03T06:37:01+00:00\",\"dateModified\":\"2023-10-24T13:38:13+00:00\",\"description\":\"Damos vida a sus inventos, gui\u00e1ndolos desde la concepci\u00f3n hasta el \u00e9xito en el mercado. Servicios de Innova: Internacionalizaci\u00f3n, Innovaci\u00f3n, Incubaci\u00f3n, Propiedad Intelectual\",\"inLanguage\":\"es\",\"potentialAction\":[{\"@type\":\"ReadAction\",\"target\":[\"https:\/\/ennova-eu.net\/es\/es\/\"]}]},{\"@type\":\"WebSite\",\"@id\":\"https:\/\/ennova-eu.net\/es\/#website\",\"url\":\"https:\/\/ennova-eu.net\/es\/\",\"name\":\"INNOVA\",\"description\":\"Technology Transfer &amp; Valorisation\",\"publisher\":{\"@id\":\"https:\/\/ennova-eu.net\/es\/#organization\"},\"potentialAction\":[{\"@type\":\"SearchAction\",\"target\":{\"@type\":\"EntryPoint\",\"urlTemplate\":\"https:\/\/ennova-eu.net\/es\/?s={search_term_string}\"},\"query-input\":\"required name=search_term_string\"}],\"inLanguage\":\"es\"},{\"@type\":\"Organization\",\"@id\":\"https:\/\/ennova-eu.net\/es\/#organization\",\"name\":\"INNOVA\",\"url\":\"https:\/\/ennova-eu.net\/es\/\",\"logo\":{\"@type\":\"ImageObject\",\"inLanguage\":\"es\",\"@id\":\"https:\/\/ennova-eu.net\/es\/#\/schema\/logo\/image\/\",\"url\":\"https:\/\/ennova-eu.net\/es\/wp-content\/uploads\/2023\/04\/logo.png\",\"contentUrl\":\"https:\/\/ennova-eu.net\/es\/wp-content\/uploads\/2023\/04\/logo.png\",\"width\":413,\"height\":199,\"caption\":\"INNOVA\"},\"image\":{\"@id\":\"https:\/\/ennova-eu.net\/es\/#\/schema\/logo\/image\/\"}}]}<\/script>\n<!-- \/ Yoast SEO plugin. -->","yoast_head_json":{"title":"INNOVA - Technology Transfer &amp; Valorisation","description":"Damos vida a sus inventos, gui\u00e1ndolos desde la concepci\u00f3n hasta el \u00e9xito en el mercado. Servicios de Innova: Internacionalizaci\u00f3n, Innovaci\u00f3n, Incubaci\u00f3n, Propiedad Intelectual","robots":{"index":"index","follow":"follow","max-snippet":"max-snippet:-1","max-image-preview":"max-image-preview:large","max-video-preview":"max-video-preview:-1"},"canonical":"https:\/\/ennova-eu.net\/es\/es\/","og_locale":"es_ES","og_type":"article","og_title":"INNOVA - Technology Transfer &amp; Valorisation","og_description":"Damos vida a sus inventos, gui\u00e1ndolos desde la concepci\u00f3n hasta el \u00e9xito en el mercado. Servicios de Innova: Internacionalizaci\u00f3n, Innovaci\u00f3n, Incubaci\u00f3n, Propiedad Intelectual","og_url":"https:\/\/ennova-eu.net\/es\/es\/","og_site_name":"INNOVA","article_modified_time":"2023-10-24T13:38:13+00:00","twitter_card":"summary_large_image","schema":{"@context":"https:\/\/schema.org","@graph":[{"@type":"WebPage","@id":"https:\/\/ennova-eu.net\/es\/es\/","url":"https:\/\/ennova-eu.net\/es\/es\/","name":"INNOVA - Technology Transfer &amp; Valorisation","isPartOf":{"@id":"https:\/\/ennova-eu.net\/es\/#website"},"datePublished":"2023-04-03T06:37:01+00:00","dateModified":"2023-10-24T13:38:13+00:00","description":"Damos vida a sus inventos, gui\u00e1ndolos desde la concepci\u00f3n hasta el \u00e9xito en el mercado. Servicios de Innova: Internacionalizaci\u00f3n, Innovaci\u00f3n, Incubaci\u00f3n, Propiedad Intelectual","inLanguage":"es","potentialAction":[{"@type":"ReadAction","target":["https:\/\/ennova-eu.net\/es\/es\/"]}]},{"@type":"WebSite","@id":"https:\/\/ennova-eu.net\/es\/#website","url":"https:\/\/ennova-eu.net\/es\/","name":"INNOVA","description":"Technology Transfer &amp; Valorisation","publisher":{"@id":"https:\/\/ennova-eu.net\/es\/#organization"},"potentialAction":[{"@type":"SearchAction","target":{"@type":"EntryPoint","urlTemplate":"https:\/\/ennova-eu.net\/es\/?s={search_term_string}"},"query-input":"required name=search_term_string"}],"inLanguage":"es"},{"@type":"Organization","@id":"https:\/\/ennova-eu.net\/es\/#organization","name":"INNOVA","url":"https:\/\/ennova-eu.net\/es\/","logo":{"@type":"ImageObject","inLanguage":"es","@id":"https:\/\/ennova-eu.net\/es\/#\/schema\/logo\/image\/","url":"https:\/\/ennova-eu.net\/es\/wp-content\/uploads\/2023\/04\/logo.png","contentUrl":"https:\/\/ennova-eu.net\/es\/wp-content\/uploads\/2023\/04\/logo.png","width":413,"height":199,"caption":"INNOVA"},"image":{"@id":"https:\/\/ennova-eu.net\/es\/#\/schema\/logo\/image\/"}}]}},"acf":[],"_links":{"self":[{"href":"https:\/\/ennova-eu.net\/es\/wp-json\/wp\/v2\/pages\/1555","targetHints":{"allow":["GET"]}}],"collection":[{"href":"https:\/\/ennova-eu.net\/es\/wp-json\/wp\/v2\/pages"}],"about":[{"href":"https:\/\/ennova-eu.net\/es\/wp-json\/wp\/v2\/types\/page"}],"author":[{"embeddable":true,"href":"https:\/\/ennova-eu.net\/es\/wp-json\/wp\/v2\/users\/2"}],"replies":[{"embeddable":true,"href":"https:\/\/ennova-eu.net\/es\/wp-json\/wp\/v2\/comments?post=1555"}],"version-history":[{"count":9,"href":"https:\/\/ennova-eu.net\/es\/wp-json\/wp\/v2\/pages\/1555\/revisions"}],"predecessor-version":[{"id":1571,"href":"https:\/\/ennova-eu.net\/es\/wp-json\/wp\/v2\/pages\/1555\/revisions\/1571"}],"wp:attachment":[{"href":"https:\/\/ennova-eu.net\/es\/wp-json\/wp\/v2\/media?parent=1555"}],"curies":[{"name":"wp","href":"https:\/\/api.w.org\/{rel}","templated":true}]}}